{"id":16,"date":"2025-04-28T19:31:40","date_gmt":"2025-04-28T19:31:40","guid":{"rendered":"https:\/\/mypowerlink.com\/?page_id=16"},"modified":"2025-08-14T21:25:01","modified_gmt":"2025-08-14T21:25:01","slug":"contacto-ventas","status":"publish","type":"page","link":"https:\/\/mypowerlink.com\/es\/contacto-ventas\/","title":{"rendered":"Contacto Ventas"},"content":{"rendered":"<div data-elementor-type=\"wp-page\" data-elementor-id=\"16\" class=\"elementor elementor-16\" data-elementor-post-type=\"page\">\n\t\t\t\t<div class=\"elementor-element elementor-element-f323834 e-flex e-con-boxed e-con e-parent\" data-id=\"f323834\" data-element_type=\"container\" data-settings=\"{&quot;background_background&quot;:&quot;gradient&quot;}\">\n\t\t\t\t\t<div class=\"e-con-inner\">\n\t\t<div class=\"elementor-element elementor-element-ff65e9c e-con-full e-flex e-con e-child\" data-id=\"ff65e9c\" data-element_type=\"container\">\n\t\t\t\t<div class=\"elementor-element elementor-element-3b31f27 elementor-widget__width-initial elementor-absolute elementor-hidden-mobile elementor-widget elementor-widget-image\" data-id=\"3b31f27\" data-element_type=\"widget\" data-settings=\"{&quot;_position&quot;:&quot;absolute&quot;}\" data-widget_type=\"image.default\">\n\t\t\t\t<div class=\"elementor-widget-container\">\n\t\t\t\t\t\t\t\t\t\t\t\t\t\t\t<img fetchpriority=\"high\" decoding=\"async\" width=\"700\" height=\"1000\" src=\"https:\/\/mypowerlink.com\/wp-content\/uploads\/2025\/05\/usuario-utilizando-powerlink-5.png\" class=\"attachment-large size-large wp-image-994\" alt=\"\" srcset=\"https:\/\/mypowerlink.com\/wp-content\/uploads\/2025\/05\/usuario-utilizando-powerlink-5.png 700w, https:\/\/mypowerlink.com\/wp-content\/uploads\/2025\/05\/usuario-utilizando-powerlink-5-210x300.png 210w, https:\/\/mypowerlink.com\/wp-content\/uploads\/2025\/05\/usuario-utilizando-powerlink-5-8x12.png 8w\" sizes=\"(max-width: 700px) 100vw, 700px\" \/>\t\t\t\t\t\t\t\t\t\t\t\t\t\t\t<\/div>\n\t\t\t\t<\/div>\n\t\t\t\t<div class=\"elementor-element elementor-element-92ad67e elementor-widget__width-initial elementor-hidden-desktop elementor-hidden-tablet elementor-widget elementor-widget-image\" data-id=\"92ad67e\" data-element_type=\"widget\" data-widget_type=\"image.default\">\n\t\t\t\t<div class=\"elementor-widget-container\">\n\t\t\t\t\t\t\t\t\t\t\t\t\t\t\t<img fetchpriority=\"high\" decoding=\"async\" width=\"700\" height=\"1000\" src=\"https:\/\/mypowerlink.com\/wp-content\/uploads\/2025\/05\/usuario-utilizando-powerlink-5.png\" class=\"attachment-large size-large wp-image-994\" alt=\"\" srcset=\"https:\/\/mypowerlink.com\/wp-content\/uploads\/2025\/05\/usuario-utilizando-powerlink-5.png 700w, https:\/\/mypowerlink.com\/wp-content\/uploads\/2025\/05\/usuario-utilizando-powerlink-5-210x300.png 210w, https:\/\/mypowerlink.com\/wp-content\/uploads\/2025\/05\/usuario-utilizando-powerlink-5-8x12.png 8w\" sizes=\"(max-width: 700px) 100vw, 700px\" \/>\t\t\t\t\t\t\t\t\t\t\t\t\t\t\t<\/div>\n\t\t\t\t<\/div>\n\t\t\t\t<\/div>\n\t\t<div class=\"elementor-element elementor-element-47191e2 e-con-full e-flex e-con e-child\" data-id=\"47191e2\" data-element_type=\"container\">\n\t\t\t\t<div class=\"elementor-element elementor-element-e157443 elementor-position-left elementor-vertical-align-middle elementor-widget elementor-widget-image-box\" data-id=\"e157443\" data-element_type=\"widget\" data-widget_type=\"image-box.default\">\n\t\t\t\t<div class=\"elementor-widget-container\">\n\t\t\t\t\t<div class=\"elementor-image-box-wrapper\"><figure class=\"elementor-image-box-img\"><img decoding=\"async\" width=\"160\" height=\"160\" src=\"https:\/\/mypowerlink.com\/wp-content\/uploads\/2025\/05\/rocket_1f680-1.png\" class=\"attachment-full size-full wp-image-705\" alt=\"\" srcset=\"https:\/\/mypowerlink.com\/wp-content\/uploads\/2025\/05\/rocket_1f680-1.png 160w, https:\/\/mypowerlink.com\/wp-content\/uploads\/2025\/05\/rocket_1f680-1-150x150.png 150w, https:\/\/mypowerlink.com\/wp-content\/uploads\/2025\/05\/rocket_1f680-1-12x12.png 12w\" sizes=\"(max-width: 160px) 100vw, 160px\" \/><\/figure><div class=\"elementor-image-box-content\"><p class=\"elementor-image-box-title\">Hablemos de tu negocio<\/p><\/div><\/div>\t\t\t\t<\/div>\n\t\t\t\t<\/div>\n\t\t\t\t<div class=\"elementor-element elementor-element-4f0d072 elementor-widget elementor-widget-qi_addons_for_elementor_section_title\" data-id=\"4f0d072\" data-element_type=\"widget\" data-widget_type=\"qi_addons_for_elementor_section_title.default\">\n\t\t\t\t<div class=\"elementor-widget-container\">\n\t\t\t\t\t<div class=\"qodef-shortcode qodef-m qodef-qi-section-title qodef-decoration--italic qodef-link--underline-draw qodef-subtitle-icon--left\">\n\t\t\t\t\t\t<h3 class=\"qodef-m-title\">\n\t\tAgenda tu demo y descubre c\u00f3mo Powerlink puede ayudarte\t<\/h3>\n\t\t\t<div class=\"qodef-m-text\"><p>Completa el formulario y agenda una demostraci\u00f3n personalizada con nuestro equipo, un asesor te contactar\u00e1 pronto.<\/p><\/div>\n\t<\/div>\n\t\t\t\t<\/div>\n\t\t\t\t<\/div>\n\t\t<div class=\"elementor-element elementor-element-b4760fa e-con-full e-flex e-con e-child\" data-id=\"b4760fa\" data-element_type=\"container\">\n\t\t\t\t<div class=\"elementor-element elementor-element-5e77a46 elementor-icon-list--layout-traditional elementor-list-item-link-full_width elementor-widget elementor-widget-icon-list\" data-id=\"5e77a46\" data-element_type=\"widget\" data-widget_type=\"icon-list.default\">\n\t\t\t\t<div class=\"elementor-widget-container\">\n\t\t\t\t\t\t\t<ul class=\"elementor-icon-list-items\">\n\t\t\t\t\t\t\t<li class=\"elementor-icon-list-item\">\n\t\t\t\t\t\t\t\t\t\t\t<span class=\"elementor-icon-list-icon\">\n\t\t\t\t\t\t\t<i aria-hidden=\"true\" class=\"pwr pwr-checkbox-fill\"><\/i>\t\t\t\t\t\t<\/span>\n\t\t\t\t\t\t\t\t\t\t<span class=\"elementor-icon-list-text\">Descubre c\u00f3mo automatizar la recolecci\u00f3n de datos sin complicaciones<\/span>\n\t\t\t\t\t\t\t\t\t<\/li>\n\t\t\t\t\t\t\t\t<li class=\"elementor-icon-list-item\">\n\t\t\t\t\t\t\t\t\t\t\t<span class=\"elementor-icon-list-icon\">\n\t\t\t\t\t\t\t<i aria-hidden=\"true\" class=\"pwr pwr-checkbox-fill\"><\/i>\t\t\t\t\t\t<\/span>\n\t\t\t\t\t\t\t\t\t\t<span class=\"elementor-icon-list-text\"> Te mostramos c\u00f3mo tu operaci\u00f3n puede mejorar desde el primer d\u00eda<\/span>\n\t\t\t\t\t\t\t\t\t<\/li>\n\t\t\t\t\t\t\t\t<li class=\"elementor-icon-list-item\">\n\t\t\t\t\t\t\t\t\t\t\t<span class=\"elementor-icon-list-icon\">\n\t\t\t\t\t\t\t<i aria-hidden=\"true\" class=\"pwr pwr-checkbox-fill\"><\/i>\t\t\t\t\t\t<\/span>\n\t\t\t\t\t\t\t\t\t\t<span class=\"elementor-icon-list-text\">Sin compromiso: explora si Powerlink es para ti, antes de decidir<\/span>\n\t\t\t\t\t\t\t\t\t<\/li>\n\t\t\t\t\t\t<\/ul>\n\t\t\t\t\t\t<\/div>\n\t\t\t\t<\/div>\n\t\t\t\t<\/div>\n\t\t\t\t<\/div>\n\t\t<div class=\"elementor-element elementor-element-9007faa e-con-full e-flex e-con e-child\" data-id=\"9007faa\" data-element_type=\"container\" data-settings=\"{&quot;background_background&quot;:&quot;classic&quot;}\">\n\t\t\t\t<div class=\"elementor-element elementor-element-32b3b40 elementor-widget elementor-widget-shortcode\" data-id=\"32b3b40\" data-element_type=\"widget\" data-widget_type=\"shortcode.default\">\n\t\t\t\t<div class=\"elementor-widget-container\">\n\t\t\t\t\t\t\t<div class=\"elementor-shortcode\"> <div id=\"form_id1160637729562\"  class=\"wpbc_container wpbc_form wpbc_container_booking_form\" ><form  id=\"booking_form1\"   class=\"booking_form vertical\" method=\"post\" action=\"\" data-trp-original-action=\"\"><div id=\"ajax_respond_insert1\" class=\"ajax_respond_insert\" style=\"display:none;\"><\/div><a name=\"bklnk1\" id=\"bklnk1\"><\/a><div id=\"booking_form_div1\" class=\"booking_form_div\"><style type=\"text\/css\">.wpbc_container_booking_form .block_hints, .wpbc_booking_form_simple.wpbc_form_center .wpbc__form__div .wpbc__row.wpbc_r_calendar,  .wpbc_booking_form_simple .wpbc__form__div .wpbc__row:not(.wpbc_r_calendar){max-width:100%;} <\/style>\n<div class=\"wpbc_booking_form_simple\">\n  <div class=\"wpbc_wizard_step wpbc__form__div wpbc_wizard_step1\">\n    <div class=\"wpbc__row\">\n\t\t\t<div style=\"margin-top:0;\" class=\"wpbc__field\"> \n\t<div class=\"wpbc_r_calendar wpbc__row\">\n      <div class=\"wpbc_r_calendar wpbc__field\">  <label for=\"calendar1\">Selecciona una fecha*<\/label><br><div class=\"wpbc_calendar_wraper wpbc_change_over_triangle\"><div class=\"wpbc_cal_container bk_calendar_frame wpbc_no_custom_width  months_num_in_row_ cal_month_num_1\" style=\"\"><div id=\"calendar_booking1\"  class=\"wpbc_calendar_id_1\" ><style type=\"text\/css\" rel=\"stylesheet\" >\r\n\t\t#calendar_booking1 .calendar_loader_frame {\r\n\t\t\twidth: calc(341px * '. intval( $months_number ) . ');\r\n\t\t\tmax-width: 100%;\r\n\t\t\theight: 307px;\r\n\t\t\tborder: 0px solid #ccc;\r\n\t\t\tdisplay: flex;\r\n\t\t\tflex-flow: column nowrap;\r\n\t\t\talign-items: center;\r\n\t\t\tjustify-content: center;\r\n\t\t\tborder-radius: 5px;\r\n\t\t\tbox-shadow: 0 0 2px #ccc;\r\n\t\t\taspect-ratio0: 1 \/ 1;\r\n\t\t\tgap: 15px;\r\n\t\t\tcolor: var(--wpbc_cal-selected-day-color, #4b74aa);\r\n\t\t\tbackground: var(--wpbc_cal-main-background-color, #fff);\r\n\t\t\tcolor: var(--wpbc_cal-available-text-color);\r\n\t\t\tbackground: rgb(from var(--wpbc_cal-available-day-color) r g b \/ var(--wpbc_cal-day-bg-color-opacity));\r\n\t\t\tborder: var(--wpbc_cal-day-cell-border-width) solid var(--wpbc_cal-available-day-color);\r\n\t\t}\r\n\t\t#calendar_booking1 .calendar_loader_frame .calendar_loader_text {\r\n\t\t\tfont-size: 18px;\r\n\t\t\ttext-align: center;\r\n\t\t}\r\n\t\t.calendar_loader_frame__progress_line_container {\r\n\t\t\twidth: 50%;\r\n\t\t\tborder: 0px solid #757575;\r\n\t\t\theight: 3px;\r\n\t\t\tborder-radius: 6px;\r\n\t\t\tmargin: 7px 0 0 0;\r\n\t\t\toverflow: hidden;\r\n\t\t\tbackground: #202020;\r\n\t\t\tborder-radius: 30px;\r\n\t\t}\r\n\t\t.calendar_loader_frame__progress_line {\r\n\t\t\tfont-size: 6px;\r\n\t\t\tfont-weight: 600;\r\n\t\t\tborder-radius: 6px;\r\n\t\t\tword-wrap: normal;\r\n\t\t\twhite-space: nowrap;\r\n\t\t\tbackground: #8ECE01;\r\n\t\t\twidth: 0%;\r\n\t\t\theight: 3px;\r\n\t\t\tborder-radius: 30px;\r\n\t\t\tanimation: calendar_loader_bar_progress_line_animation 3s infinite;\r\n\t\t}\r\n\t\t@keyframes calendar_loader_bar_progress_line_animation {\r\n\t\t\t100% {\r\n\t\t\t\twidth: 100%;\r\n\t\t\t}\r\n\t\t}\r\n\t<\/style>\r\n\t<div class=\"calendar_loader_frame calendar_loader_frame1\">\r\n\t\t<div class=\"calendar_loader_text\">Cargando...<\/div>\r\n\t\t<div class=\"calendar_loader_frame__progress_line_container\"><div class=\"calendar_loader_frame__progress_line\"><\/div><\/div>\r\n\t<\/div>\r\n\t\t<script type=\"text\/javascript\">\r\n\t\t\tsetTimeout(\r\n\t\t\tfunction () {\r\n\t\t\t\t(function() { var a = setInterval( function() {  if ( ( 'undefined' === typeof jQuery ) || ! window.jQuery ) { return; } clearInterval( a ); jQuery( document ).ready( function () {\r\n\t\t\t\t\tif (\r\n\t\t\t\t\t\t('undefined' === typeof _wpbc) ||\r\n\t\t\t\t\t\t('undefined' === typeof jQuery.datepick)\r\n\t\t\t\t\t) {\r\n\t\t\t\t\t\t\/\/ FixIn: 10.14.1.1.\r\n\t\t\t\t\t\tvar error_loading_message = '';\r\n\t\t\t\t\t\tif ( 'undefined' === typeof _wpbc ) {\r\n\t\t\t\t\t\t\terror_loading_message = 'It appears that the &quot;_wpbc&quot; library is not loading correctly.';\r\n\t\t\t\t\t\t\terror_loading_message += '<br><br>Please enable the loading of JS\/CSS files for this page on the &quot;WP Booking Calendar&quot; - &quot;Settings General&quot; - &quot;Advanced&quot; page';\r\n\t\t\t\t\t\t} else if ( 'undefined' === typeof jQuery.datepick ) {\r\n\t\t\t\t\t\t\terror_loading_message = 'It appears that the &quot;jQuery.datepick&quot; library is not loading correctly.';\r\n\t\t\t\t\t\t}\r\n\t\t\t\t\t\tjQuery( '.calendar_loader_frame1 .calendar_loader_text' ).html( '<div style=\"font-size: 13px;margin: 10px;\">' + error_loading_message + '<br><br>For more information, please refer to this page: https:\/\/wpbookingcalendar.com\/faq\/<br><br>Contact support@wpbookingcalendar.com if you have any questions.<\/div>' );\r\n\t\t\t\t\t\treturn;\r\n\t\t\t\t\t}\r\n\t\t\t\t\tjQuery( '.calendar_loader_frame1 .calendar_loader_text').html( '<div style=\"font-size: 13px;margin: 10px;\">You have added the same calendar (ID = 1) more than once on this page. Please keep only one calendar with the same ID on a page to avoid conflicts.<br><br>Contact support@wpbookingcalendar.com if you have any questions.<\/div>' );\r\n\t\t\t\t\tif ( jQuery( '.calendar_loader_frame1').length ){\r\n\t\t\t\t\t\tconsole.log( 'WPBC Error! Duplicate calendar detected. ' , jQuery( '.wpbc_calendar_id_1') );\r\n\t\t\t\t\t}\r\n\t\t\t\t} ); }, 500 ); })();\r\n\t\t\t},\r\n\t\t\t8000\r\n\t\t);\r\n\t<\/script>\r\n\t<\/div><\/div><div style=\"font-size:7px;text-align:left;margin:0 0 10px;text-shadow: none;\">Powered by <a href=\"https:\/\/wpbookingcalendar.com\" style=\"font-size:7px;\" target=\"_blank\" title=\"Booking Calendar plugin for WordPress\">Booking Calendar<\/a><\/div><textarea id=\"date_booking1\" name=\"date_booking1\" autocomplete=\"off\" style=\"display:none;\"><\/textarea><div class=\"block_hints datepick\"><div class=\"wpdev_hint_with_text\"><div class=\"\"><div class=\"datepick-inline wpbc_calendar_legend_table_width_height\"><table class=\"datepick wpbc_calendar\" style=\"\"><tbody><tr><td class=\"datepick-days-cell date_available wpbc_calendar_legend_day_cell_height\"><div class=\"wpbc-cell-box\">\t<div class=\"date-cell-content\">\t\t<div class=\"date-content-top\"><\/div>\t\t<a>&nbsp;<\/a>\t\t<div class=\"date-content-bottom\"><\/div>\t<\/div><\/div><\/td><\/tr><\/tbody><\/table><\/div><\/div><div class=\"block_text\">- <\/div><div class=\"block_text\">Disponible<\/div><\/div><div class=\"wpdev_hint_with_text\"><div class=\"\"><div class=\"datepick-inline wpbc_calendar_legend_table_width_height\"><table class=\"datepick wpbc_calendar\" style=\"\"><tbody><tr><td class=\"datepick-days-cell datepick-unselectable date_user_unavailable full_day_booking date_approved wpbc_calendar_legend_day_cell_height\"><div class=\"wpbc-cell-box\">\t<div class=\"date-cell-content\">\t\t<div class=\"date-content-top\"><\/div>\t\t<span>&nbsp;<\/span>\t\t<div class=\"date-content-bottom\"><\/div>\t<\/div><\/div><\/td><\/tr><\/tbody><\/table><\/div><\/div><div class=\"block_text\">- <\/div><div class=\"block_text\">Agendado<\/div><\/div><\/div><\/div><\/div>\n\t<\/div>\n\t\t<\/div>\n\t\t\t<div style=\"margin-top:0;\" class=\"wpbc__field\"> \n\t<div class=\"wpbc__row\">\n      <div class=\"wpbc_r_rangetime wpbc__field\">  <label for=\"rangetime1\">Selecciona una hora*<\/label><br>   <select name=\"rangetime1\" id=\"rangetime1\" class=\"input-xlarge wpdev-validates-as-required\" >  <option value=\"09:00 - 10:00\" >9:00 am - 10:00 am<\/option>  <option value=\"10:00 - 11:00\" >10:00 am - 11:00 am<\/option>  <option value=\"11:00 - 12:00\" >11:00 am - 12:00 pm<\/option>  <option value=\"12:00 - 13:00\" >12:00 pm - 1:00 pm<\/option>  <option value=\"13:00 - 14:00\" >1:00 pm - 2:00 pm<\/option>  <option value=\"14:00 - 15:00\" >2:00 pm - 3:00 pm<\/option>  <option value=\"15:00 - 16:00\" >3:00 pm - 4:00 pm<\/option>  <option value=\"16:00 - 17:00\" >4:00 pm - 5:00 pm<\/option>  <option value=\"17:00 - 18:00\" >5:00 pm - 6:00 pm<\/option>  <option value=\"18:00 - 19:00\" >6:00 pm - 7:00 pm<\/option>  <option value=\"00:00 - 24:00\" >Full Day<\/option>     <\/select><\/div>\n\t<\/div>\n\t\t<\/div>\n\t\t<\/div>\n\t\t<hr><div style=\"flex-flow: row nowrap;\" class=\"wpbc__row\">\n\t\t\t<div style=\"justify-content: flex-end;\" class=\"wpbc__field\">\n     \t\t\t<a class=\"wpbc_button_light wpbc_wizard_step_button wpbc_wizard_step_2\" >\n\t\t\t\tSiguiente\n\t\t\t\t<\/a>\n\t\t\t<\/div>\n\t\t<\/div>\n  <\/div>\n  <div class=\"wpbc_wizard_step wpbc__form__div wpbc_wizard_step2 wpbc_wizard_step_hidden\" style=\"display:none;clear:both;\">\n    <div class=\"wpbc__form__div\">\n\t<div class=\"wpbc__row\">\n      <div class=\"wpbc_r_name wpbc__field\">  <label for=\"name1\">Tu nombre completo*<\/label><br>   <input type=\"text\" name=\"name1\" id=\"name1\" class=\"input-xlarge wpdev-validates-as-required\" \/><\/div>\n\t<\/div>\n\t<div class=\"wpbc__row\">\n      <div class=\"wpbc_r_email wpbc__field\">  <label for=\"email1\">Email*<\/label><br>   <input type=\"email\" name=\"email1\" id=\"email1\" class=\"input-xlarge wpdev-validates-as-email wpdev-validates-as-required wpdev-validates-as-required\" \/><\/div>\n\t<\/div>\n\t<div class=\"wpbc__row\">\n      <div class=\"wpbc_r_phone wpbc__field\">  <label for=\"phone1\">Tel\u00e9fono<\/label><br>   <input type=\"text\" name=\"phone1\" id=\"phone1\" class=\"input-xlarge\" \/><\/div>\n\t<\/div>\n\t<div class=\"wpbc__row\">\n      <div class=\"wpbc_r_empresa wpbc__field\">  <label for=\"empresa1\">Empresa<\/label><br>   <input type=\"text\" name=\"empresa1\" id=\"empresa1\" class=\"input-xlarge\" \/><\/div>\n\t<\/div>\n\t<div class=\"wpbc__row\">\n      <div class=\"wpbc_r_casodeuso wpbc__field\">  <label for=\"casodeuso1\">Caso de uso<\/label><br>   <select name=\"casodeuso1\" id=\"casodeuso1\" class=\"input-xlarge\" >  <option value=\"Sector Leches\" >Sector Leches<\/option>     <\/select><\/div>\n\t<\/div>\n\t<div class=\"wpbc__row\">\n      <div class=\"wpbc_r_cmoconocistepowerlink wpbc__field\">  <label for=\"cmoconocistepowerlink1\">C\u00f3mo conociste Powerlink?<\/label><br>   <select name=\"cmoconocistepowerlink1\" id=\"cmoconocistepowerlink1\" class=\"input-xlarge\" >  <option value=\"Redes Sociales\" >Redes Sociales<\/option>  <option value=\"Email\" >Email<\/option>  <option value=\"Google\" >Google<\/option>  <option value=\"Recomendaci\u00f3n\" >Recomendaci\u00f3n<\/option>     <\/select><\/div>\n\t<\/div>\n\t<div class=\"wpbc__row\">\n      <div class=\"wpbc_r_details wpbc__field\">  <label for=\"details1\">Tienes un detalle adicional<\/label><br>   <textarea  rows=\"3\" name=\"details1\" id=\"details1\" class=\"input-xlarge\" ><\/textarea><\/div>\n\t<\/div>\n    <\/div>\n    <hr><div style=\"flex-flow: row nowrap;\" class=\"wpbc__row\">\n\t\t\t<div style=\"justify-content: flex-start;\" class=\"wpbc__field\">\n     \t\t<a class=\"wpbc_button_light wpbc_wizard_step_button wpbc_wizard_step_1\" >\n\t\t\t\tVolver\n\t\t\t\t<\/a>\n\t\t\t<\/div>\n\t\t<div style=\"justify-content: flex-end;\" class=\"wpbc__field\">\n         <button class=\"wpbc_button_light\" type=\"button\" onclick=\"mybooking_submit(this.form,1,'es_ES');\" >Agendar<\/button>\t\t<\/div>\n    <\/div>\n  <\/div>\n<\/div><input id=\"bk_type1\" name=\"bk_type1\" class=\"\" type=\"hidden\" value=\"1\" \/><\/div><div id=\"submiting1\"><\/div><div class=\"form_bk_messages\" id=\"form_bk_messages1\" ><\/div><input type=\"hidden\" id=\"wpbc_nonceCALCULATE_THE_COST1\" name=\"wpbc_nonceCALCULATE_THE_COST1\" value=\"692c217296\" \/><input type=\"hidden\" name=\"_wp_http_referer\" value=\"\/es\/wp-json\/wp\/v2\/pages\/16\" \/><input type=\"hidden\" name=\"trp-form-language\" value=\"es\"\/><\/form><\/div><div id=\"booking_form_garbage1\" class=\"booking_form_garbage\"><\/div><script type=\"text\/javascript\"> (function() { var a = setInterval( function() {  if ( ( 'undefined' === typeof _wpbc ) || ( 'undefined' === typeof jQuery ) || ! window.jQuery ) { return; } clearInterval( a ); jQuery( document ).ready( function (){ jQuery(\".widget_wpdev_booking .booking_form.form-horizontal\").removeClass(\"form-horizontal\");\n                                    var visible_calendars_count = _wpbc.get_other_param( \"calendars__on_this_page\" ).length;\n                                    if (visible_calendars_count !== null ) {\n                                        for (var i=0;i< visible_calendars_count ;i++){\n                                          if ( _wpbc.get_other_param( \"calendars__on_this_page\" )[i] === 1 ) {\n                                          \tconsole.log(\"%c Warning! The booking calendar for this resource with the ID = 1 is already on the page. Find more details here: https:\/\/wpbookingcalendar.com\/faq\/why-the-booking-calendar-widget-not-show-on-page\/\", \"color: #e77; font-weight:bold\");\n                                          }\n                                        }\n                                        _wpbc.get_other_param( \"calendars__on_this_page\" )[ visible_calendars_count ]=1;\n                                    } } ); }, 500 ); })();<\/script> <script type=\"text\/javascript\"> (function() { var a = setInterval( function() {  if ( ( 'undefined' === typeof _wpbc ) || ( 'undefined' === typeof jQuery ) || ! window.jQuery ) { return; } clearInterval( a ); jQuery( document ).ready( function (){ _wpbc.balancer__set_max_threads( 3 );  _wpbc.calendar__set_param_value( 1 , 'calendar_scroll_to' , false );  _wpbc.calendar__set_param_value( 1 , 'calendar_dates_start' , '' );  _wpbc.calendar__set_param_value( 1 , 'calendar_dates_end' , '' );  _wpbc.calendar__set_param_value( 1 , 'booking_max_monthes_in_calendar' , '2y' );  _wpbc.calendar__set_param_value( 1 , 'booking_start_day_weeek' , '0' );  _wpbc.calendar__set_param_value( 1 , 'calendar_number_of_months' , '1' );   _wpbc.calendar__set_param_value( 1, 'days_select_mode', 'multiple' );   _wpbc.calendar__set_param_value( 1, 'fixed__days_num', 0 );   _wpbc.calendar__set_param_value( 1, 'fixed__week_days__start',   [] );   _wpbc.calendar__set_param_value( 1, 'dynamic__days_min', 0 );   _wpbc.calendar__set_param_value( 1, 'dynamic__days_max', 0 );   _wpbc.calendar__set_param_value( 1, 'dynamic__days_specific',    [] );   _wpbc.calendar__set_param_value( 1, 'dynamic__week_days__start', [] );   _wpbc.calendar__set_param_value( 1, 'booking_date_format', 'F j, Y' );   _wpbc.calendar__set_param_value( 1, 'booking_time_format', 'g:i a' );   if ( 'function' === typeof ( wpbc__conditions__SAVE_INITIAL__days_selection_params__bm ) ){ wpbc__conditions__SAVE_INITIAL__days_selection_params__bm( 1 ); }   wpbc_calendar_show( '1' );   _wpbc.set_secure_param( 'nonce',   '124e68c94c' );   _wpbc.set_secure_param( 'user_id', '0' );   _wpbc.set_secure_param( 'locale',  'es_ES' );  wpbc_calendar__load_data__ajx( {\"resource_id\":1,\"booking_hash\":\"\",\"request_uri\":\"\\\/es\\\/wp-json\\\/wp\\\/v2\\\/pages\\\/16\",\"custom_form\":\"standard\",\"aggregate_resource_id_str\":\"\",\"aggregate_type\":\"all\"} ); } ); }, 500 ); })();<\/script>\n<\/div>\n\t\t\t\t\t\t<\/div>\n\t\t\t\t<\/div>\n\t\t\t\t<\/div>\n\t\t\t\t\t<\/div>\n\t\t\t\t<\/div>\n\t\t\t\t<\/div>","protected":false},"excerpt":{"rendered":"<p>Hablemos de tu negocio Agenda tu demo y descubre c\u00f3mo Powerlink puede ayudarte Completa el formulario y agenda una demostraci\u00f3n personalizada con nuestro equipo, un asesor te contactar\u00e1 pronto. Descubre c\u00f3mo automatizar la recolecci\u00f3n de datos sin complicaciones Te mostramos c\u00f3mo tu operaci\u00f3n puede mejorar desde el primer d\u00eda Sin compromiso: explora si Powerlink es [&hellip;]<\/p>","protected":false},"author":1,"featured_media":0,"parent":0,"menu_order":0,"comment_status":"closed","ping_status":"closed","template":"","meta":{"_acf_changed":false,"inline_featured_image":false,"footnotes":""},"class_list":["post-16","page","type-page","status-publish","hentry"],"acf":[],"_links":{"self":[{"href":"https:\/\/mypowerlink.com\/es\/wp-json\/wp\/v2\/pages\/16","targetHints":{"allow":["GET"]}}],"collection":[{"href":"https:\/\/mypowerlink.com\/es\/wp-json\/wp\/v2\/pages"}],"about":[{"href":"https:\/\/mypowerlink.com\/es\/wp-json\/wp\/v2\/types\/page"}],"author":[{"embeddable":true,"href":"https:\/\/mypowerlink.com\/es\/wp-json\/wp\/v2\/users\/1"}],"replies":[{"embeddable":true,"href":"https:\/\/mypowerlink.com\/es\/wp-json\/wp\/v2\/comments?post=16"}],"version-history":[{"count":0,"href":"https:\/\/mypowerlink.com\/es\/wp-json\/wp\/v2\/pages\/16\/revisions"}],"wp:attachment":[{"href":"https:\/\/mypowerlink.com\/es\/wp-json\/wp\/v2\/media?parent=16"}],"curies":[{"name":"wp","href":"https:\/\/api.w.org\/{rel}","templated":true}]}}